{"id":14,"date":"2026-05-07T18:30:01","date_gmt":"2026-05-07T16:30:01","guid":{"rendered":"https:\/\/d-day.scrc.fr\/?page_id=14"},"modified":"2026-05-07T20:40:04","modified_gmt":"2026-05-07T18:40:04","slug":"2026-2","status":"publish","type":"page","link":"https:\/\/d-day.scrc.fr\/","title":{"rendered":"2026"},"content":{"rendered":"\n<div class=\"gb-element-f203c2c0\">\n<div class=\"gb-element-579df389\">\n<div style=\"--inline-bg-image: url(https:\/\/d-day.scrc.fr\/wp-content\/uploads\/2026\/05\/WhatsApp-Image-2026-05-05-at-20.13.48.jpeg)\">\n<img loading=\"lazy\" decoding=\"async\" width=\"640\" height=\"640\" class=\"gb-media-0e3a1331\" alt=\"dday rugby scrc caen\" title=\"DDAY rugby Stade Caennais Rugby Club\" src=\"https:\/\/d-day.scrc.fr\/wp-content\/uploads\/2026\/05\/WhatsApp-Image-2026-05-05-at-20.13.48.jpeg\" srcset=\"https:\/\/d-day.scrc.fr\/wp-content\/uploads\/2026\/05\/WhatsApp-Image-2026-05-05-at-20.13.48.jpeg 640w, https:\/\/d-day.scrc.fr\/wp-content\/uploads\/2026\/05\/WhatsApp-Image-2026-05-05-at-20.13.48-300x300.jpeg 300w, https:\/\/d-day.scrc.fr\/wp-content\/uploads\/2026\/05\/WhatsApp-Image-2026-05-05-at-20.13.48-150x150.jpeg 150w\" sizes=\"auto, (max-width: 640px) 100vw, 640px\" \/>\n<\/div>\n\n\n\n<div class=\"gb-element-2c2b67e6\">\n<p class=\"gb-text gb-text-0e8ab206\"><font color=\"#d92b2b\">D<\/font>-DAY RUGBY 2026<\/p>\n\n\n\n<p class=\"gb-text gb-text-03bd014f\">CAEN<\/p>\n\n\n\n<p class=\"gb-text gb-text-b4e290ef\">1\u00e8re \u00e9dition<\/p>\n\n\n\n<div class=\"gb-element-2ddfcf7b\">\n<p class=\"gb-text gb-text-f465df7b\"><br>J O U R \u00b7 J<\/p>\n\n\n\n<p class=\"gb-text gb-text-da3d3d54\">SAMEDI 20 JUIN 2026<\/p>\n\n\n\n<p class=\"gb-text gb-text-fe6ac57f\">N O R M A N D I E \u00b7 F R A N C E<\/p>\n<\/div>\n\n\n\n<p class=\"gb-text gb-text-6309854d\">Tournoi <strong>M12 &#8211; M14 \/ F15 <\/strong>organis\u00e9 par<\/p>\n\n\n\n<div class=\"gb-element-16e9db92\">\n<div class=\"gb-element-f26c3c38\">\n<img loading=\"lazy\" decoding=\"async\" width=\"1200\" height=\"1200\" class=\"gb-media-943a0d77\" alt=\"\" title=\"WhatsApp Image 2026-04-21 at 11.39.04\" src=\"https:\/\/d-day.scrc.fr\/wp-content\/uploads\/2026\/05\/WhatsApp-Image-2026-04-21-at-11.39.04.jpeg\" srcset=\"https:\/\/d-day.scrc.fr\/wp-content\/uploads\/2026\/05\/WhatsApp-Image-2026-04-21-at-11.39.04.jpeg 1200w, https:\/\/d-day.scrc.fr\/wp-content\/uploads\/2026\/05\/WhatsApp-Image-2026-04-21-at-11.39.04-300x300.jpeg 300w, https:\/\/d-day.scrc.fr\/wp-content\/uploads\/2026\/05\/WhatsApp-Image-2026-04-21-at-11.39.04-1024x1024.jpeg 1024w, https:\/\/d-day.scrc.fr\/wp-content\/uploads\/2026\/05\/WhatsApp-Image-2026-04-21-at-11.39.04-150x150.jpeg 150w, https:\/\/d-day.scrc.fr\/wp-content\/uploads\/2026\/05\/WhatsApp-Image-2026-04-21-at-11.39.04-768x768.jpeg 768w\" sizes=\"auto, (max-width: 1200px) 100vw, 1200px\" \/>\n<\/div>\n\n\n\n<div class=\"gb-element-0cbe1e80\">\n<img loading=\"lazy\" decoding=\"async\" width=\"476\" height=\"186\" class=\"gb-media-2accd010\" alt=\"\" title=\"SCR-20260507-qim\" src=\"https:\/\/d-day.scrc.fr\/wp-content\/uploads\/2026\/05\/SCR-20260507-qim.png\" srcset=\"https:\/\/d-day.scrc.fr\/wp-content\/uploads\/2026\/05\/SCR-20260507-qim.png 476w, https:\/\/d-day.scrc.fr\/wp-content\/uploads\/2026\/05\/SCR-20260507-qim-300x117.png 300w\" sizes=\"auto, (max-width: 476px) 100vw, 476px\" \/>\n<\/div>\n<\/div>\n<\/div>\n<\/div>\n<\/div>\n\n\n\n<div class=\"gb-element-7df1298b\">\n<h2 class=\"gb-text gb-text-a8a5e9f4\">BRIEFING<\/h2>\n<\/div>\n\n\n\n<div class=\"gb-element-7df1298b\">\n<h3 class=\"gb-text\">LE TOURNOI EN BREF<\/h3>\n\n\n\n<div class=\"gb-element-fa33656e\">\n<div class=\"gb-element-43da70ea\">\n<div class=\"gb-element-144059c2\">\n<h4 class=\"gb-text gb-text-79bbbee1\">EVENEMENT<\/h4>\n\n\n\n<p class=\"gb-text gb-text-a5139f70\">D-Day Rugby Caen &#8211; 1\u00e8re \u00e9dition<\/p>\n<\/div>\n\n\n\n<div class=\"gb-element-324cad30\">\n<h4 class=\"gb-text gb-text-8bc0ef3a\">Date<\/h4>\n\n\n\n<p class=\"gb-text gb-text-c172cdf7\">Samedi 26 juin 2026<\/p>\n<\/div>\n\n\n\n<div class=\"gb-element-21a739c4\">\n<h4 class=\"gb-text gb-text-4c3c2c22\">Cat\u00e9gories<\/h4>\n\n\n\n<p class=\"gb-text gb-text-066cb13e\">M12 &#8211; M14 \/ F15<\/p>\n<\/div>\n\n\n\n<div class=\"gb-element-ef128bbb\">\n<h4 class=\"gb-text gb-text-35bb8fb3\">Organisateur<\/h4>\n\n\n\n<p class=\"gb-text gb-text-b67c732c\">Stade Caennais Rugby Club<\/p>\n<\/div>\n<\/div>\n<\/div>\n\n\n\n<h3 class=\"gb-text gb-text-1a1fcfbe\">Lieu &amp; Acc\u00e8s<\/h3>\n\n\n\n<div class=\"gb-element-2e4b185a\">\n<div class=\"gb-element-46ce14b6\">\n<div class=\"gb-element-b1318cfd\">\n<h4 class=\"gb-text gb-text-bd0be1f9\">EVENEMENT<\/h4>\n\n\n\n<p class=\"gb-text gb-text-d50a858a\">D-Day Rugby Caen &#8211; 1\u00e8re \u00e9dition<\/p>\n<\/div>\n\n\n\n<div class=\"gb-element-27d9b64d\">\n<h4 class=\"gb-text gb-text-6fca28e9\">Date<\/h4>\n\n\n\n<p class=\"gb-text gb-text-7ff38186\">Samedi 26 juin 2026<\/p>\n<\/div>\n\n\n\n<div class=\"gb-element-8311f2ea\">\n<h4 class=\"gb-text gb-text-3cbf42b8\">Cat\u00e9gories<\/h4>\n\n\n\n<p class=\"gb-text gb-text-069052d4\">M12 &#8211; M14 \/ F15<\/p>\n<\/div>\n\n\n\n<div class=\"gb-element-51afd425\">\n<h4 class=\"gb-text gb-text-b6749289\">Organisateur<\/h4>\n\n\n\n<p class=\"gb-text gb-text-2133be92\">Stade Caennais Rugby Club<\/p>\n<\/div>\n<\/div>\n<\/div>\n<\/div>\n\n\n\n<div class=\"gb-element-f14ac113\">\n<h2 class=\"gb-text gb-text-a8a5e9f4\">LE TOURNOI<\/h2>\n<\/div>\n\n\n\n<div class=\"gb-element-5d81bde6\">\n<h3 class=\"gb-text gb-text-09750183\">D\u00e9roul\u00e9 de la journ\u00e9e<\/h3>\n\n\n\n<div class=\"gb-element-fa33656e\">\n<div class=\"gb-element-43da70ea\">\n<div class=\"gb-element-144059c2\">\n<h4 class=\"gb-text gb-text-79bbbee1\">EVENEMENT<\/h4>\n\n\n\n<p class=\"gb-text gb-text-a5139f70\">D-Day Rugby Caen &#8211; 1\u00e8re \u00e9dition<\/p>\n<\/div>\n\n\n\n<div class=\"gb-element-324cad30\">\n<h4 class=\"gb-text gb-text-8bc0ef3a\">Date<\/h4>\n\n\n\n<p class=\"gb-text gb-text-c172cdf7\">Samedi 26 juin 2026<\/p>\n<\/div>\n\n\n\n<div class=\"gb-element-21a739c4\">\n<h4 class=\"gb-text gb-text-4c3c2c22\">Cat\u00e9gories<\/h4>\n\n\n\n<p class=\"gb-text gb-text-066cb13e\">M12 &#8211; M14 \/ F15<\/p>\n<\/div>\n\n\n\n<div class=\"gb-element-ef128bbb\">\n<h4 class=\"gb-text gb-text-35bb8fb3\">Organisateur<\/h4>\n\n\n\n<p class=\"gb-text gb-text-b67c732c\">Stade Caennais Rugby Club<\/p>\n<\/div>\n<\/div>\n<\/div>\n\n\n\n<h3 class=\"gb-text gb-text-1a1fcfbe\">Lieu &amp; Acc\u00e8s<\/h3>\n\n\n\n<div class=\"gb-element-2e4b185a\">\n<div class=\"gb-element-46ce14b6\">\n<div class=\"gb-element-b1318cfd\">\n<h4 class=\"gb-text gb-text-bd0be1f9\">EVENEMENT<\/h4>\n\n\n\n<p class=\"gb-text gb-text-d50a858a\">D-Day Rugby Caen &#8211; 1\u00e8re \u00e9dition<\/p>\n<\/div>\n\n\n\n<div class=\"gb-element-27d9b64d\">\n<h4 class=\"gb-text gb-text-6fca28e9\">Date<\/h4>\n\n\n\n<p class=\"gb-text gb-text-7ff38186\">Samedi 26 juin 2026<\/p>\n<\/div>\n\n\n\n<div class=\"gb-element-8311f2ea\">\n<h4 class=\"gb-text gb-text-3cbf42b8\">Cat\u00e9gories<\/h4>\n\n\n\n<p class=\"gb-text gb-text-069052d4\">M12 &#8211; M14 \/ F15<\/p>\n<\/div>\n\n\n\n<div class=\"gb-element-51afd425\">\n<h4 class=\"gb-text gb-text-b6749289\">Organisateur<\/h4>\n\n\n\n<p class=\"gb-text gb-text-2133be92\">Stade Caennais Rugby Club<\/p>\n<\/div>\n<\/div>\n<\/div>\n<\/div>\n\n\n\n<div class=\"gb-element-7c936933\">\n<h2 class=\"gb-text gb-text-c37cb029\">FRATERNITE<\/h2>\n<\/div>\n","protected":false},"excerpt":{"rendered":"<p>D-DAY RUGBY 2026 CAEN 1\u00e8re \u00e9dition J O U R \u00b7 J SAMEDI 20 JUIN 2026 N O R M A N D I E \u00b7 F R A N C E Tournoi M12 &#8211; M14 \/ F15 organis\u00e9 par BRIEFING LE TOURNOI EN BREF EVENEMENT D-Day Rugby Caen &#8211; 1\u00e8re \u00e9dition Date Samedi 26 &#8230; <a title=\"2026\" class=\"read-more\" href=\"https:\/\/d-day.scrc.fr\/\" aria-label=\"En savoir plus sur 2026\">Lire la suite<\/a><\/p>\n","protected":false},"author":1,"featured_media":0,"parent":0,"menu_order":0,"comment_status":"closed","ping_status":"closed","template":"","meta":{"footnotes":""},"class_list":["post-14","page","type-page","status-publish"],"_links":{"self":[{"href":"https:\/\/d-day.scrc.fr\/index.php?rest_route=\/wp\/v2\/pages\/14","targetHints":{"allow":["GET"]}}],"collection":[{"href":"https:\/\/d-day.scrc.fr\/index.php?rest_route=\/wp\/v2\/pages"}],"about":[{"href":"https:\/\/d-day.scrc.fr\/index.php?rest_route=\/wp\/v2\/types\/page"}],"author":[{"embeddable":true,"href":"https:\/\/d-day.scrc.fr\/index.php?rest_route=\/wp\/v2\/users\/1"}],"replies":[{"embeddable":true,"href":"https:\/\/d-day.scrc.fr\/index.php?rest_route=%2Fwp%2Fv2%2Fcomments&post=14"}],"version-history":[{"count":27,"href":"https:\/\/d-day.scrc.fr\/index.php?rest_route=\/wp\/v2\/pages\/14\/revisions"}],"predecessor-version":[{"id":63,"href":"https:\/\/d-day.scrc.fr\/index.php?rest_route=\/wp\/v2\/pages\/14\/revisions\/63"}],"wp:attachment":[{"href":"https:\/\/d-day.scrc.fr\/index.php?rest_route=%2Fwp%2Fv2%2Fmedia&parent=14"}],"curies":[{"name":"wp","href":"https:\/\/api.w.org\/{rel}","templated":true}]}}